{"id":354,"date":"2021-08-26T12:08:05","date_gmt":"2021-08-26T11:08:05","guid":{"rendered":"https:\/\/amribes.cat\/?page_id=354"},"modified":"2021-08-26T12:26:34","modified_gmt":"2021-08-26T11:26:34","slug":"jonatan-jimenez","status":"publish","type":"page","link":"http:\/\/amribes.cat\/index.php\/jonatan-jimenez\/","title":{"rendered":"J\u00f3natan Jim\u00e9nez"},"content":{"rendered":"\n<p class=\"has-text-align-center\"><strong>Director de l&#8217;Especialitat de Flamenc<\/strong><\/p>\n\n\n\n<p><strong>Formaci\u00f3<\/strong><\/p>\n\n\n\n<p>GRAU DE M\u00daSICA \/ 2014\/ CONSERVATORI SUPERIOR DEL LICEU &#8211; Especialitat: Guitarra Flamenca<\/p>\n\n\n\n<p>GRAU PROFESSIONAL DE M\u00daSICA \/2010\/ CONSERVATORI SUPERIOR DEL LICEU &#8211; Especialitat: Guitarra Flamenca<\/p>\n\n\n\n<p>BATXILLERAT \/2002\/ I.E.S ALEXANDRE GAL\u00cd &#8211; Especialitat: Humanidats<\/p>\n\n\n\n<p><strong>Coneixements i habilitats<\/strong><\/p>\n\n\n\n<p>La meva passi\u00f3 per la guitarra i la m\u00fasica en general ha feto que m&#8217;acosti guitarr\u00edsticament tamb\u00e9 a d&#8217;altres g\u00e9neres musicals com el pop, el rock, etc. cursant guitarra cl\u00e0ssica com a segon instrument incloent-hi moltes obres d&#8217;aquest g\u00e9nere al meu repertori com a int\u00e8rpret.<\/p>\n\n\n\n<p>Durant la meva formaci\u00f3 he tingut el privilegi de tenir com a professors a grans especialistes de la guitarra com Manuel Granados, Antonio Due\u00f1as, Pedro Javier Gonz\u00e1lez, David Leiva, Guillem P\u00e9rez-Cruz o Sergi Vicente<\/p>\n\n\n\n<p>La meva experi\u00e8ncia, sentit de la responsabilitat i entusiasme en el m\u00f3n de la doc\u00e8ncia m&#8217;ha perm\u00e9s sempre impartir classes de manera positiva i motivadora.<\/p>\n\n\n\n<p><strong>Experi\u00e8ncia<\/strong><\/p>\n\n\n\n<p>Professor de guitarra a l&#8217;escola de m\u00fasica \u201cAula de M\u00fasica\u201d de Sant Pere de Ribes en dos per\u00edodes de 2004 a 2011, i de 2016 a 2021<\/p>\n\n\n\n<p>Professor de classes extraescolars de guitarra a:<br>&#8211; Col\u00b7legi \u00cctaca durant els cursos 2015-16 i 2016-17<\/p>\n\n\n\n<ul class=\"wp-block-list\"><li>\u2013 \u00a0Institut Montgr\u00f2s de 2014 a 2018<\/li><li>\u2013 \u00a0Col\u00b7legi Richmond International School de 2017 a 2020.<\/li><li>\u2013 \u00a0Col\u00b7legi  Charlie Rivel de Cubelles de 2018 a 2020 <\/li><\/ul>\n\n\n\n<p>Professor de guitarra a l&#8217;escola de m\u00fasica Juventuts Musicals de Sant Pere de Ribes de 2015 a 2018<\/p>\n\n\n\n<p>Profesor de guitarra al Centre Civic l&#8217;Espai de Les Roquetes de 2016 a 2018.<\/p>\n\n\n\n<p>Profesor de guitarra en el Centre Civic l&#8217;Espai de Les Roquetes desde 2016 hasta el 2018.<\/p>\n","protected":false},"excerpt":{"rendered":"<p>Director de l&#8217;Especialitat de Flamenc Formaci\u00f3 GRAU DE M\u00daSICA \/ 2014\/ CONSERVATORI SUPERIOR DEL LICEU &#8211; Especialitat: Guitarra Flamenca GRAU PROFESSIONAL DE M\u00daSICA \/2010\/ CONSERVATORI SUPERIOR DEL LICEU &#8211; Especialitat:<a href=\"http:\/\/amribes.cat\/index.php\/jonatan-jimenez\/\" class=\"more-link\"><span class=\"readmore\">Seguir leyendo<span class=\"screen-reader-text\">J\u00f3natan Jim\u00e9nez<\/span><\/span><\/a><\/p>\n","protected":false},"author":1,"featured_media":0,"parent":0,"menu_order":0,"comment_status":"closed","ping_status":"closed","template":"","meta":{"footnotes":""},"class_list":["post-354","page","type-page","status-publish","hentry"],"_links":{"self":[{"href":"http:\/\/amribes.cat\/index.php\/wp-json\/wp\/v2\/pages\/354","targetHints":{"allow":["GET"]}}],"collection":[{"href":"http:\/\/amribes.cat\/index.php\/wp-json\/wp\/v2\/pages"}],"about":[{"href":"http:\/\/amribes.cat\/index.php\/wp-json\/wp\/v2\/types\/page"}],"author":[{"embeddable":true,"href":"http:\/\/amribes.cat\/index.php\/wp-json\/wp\/v2\/users\/1"}],"replies":[{"embeddable":true,"href":"http:\/\/amribes.cat\/index.php\/wp-json\/wp\/v2\/comments?post=354"}],"version-history":[{"count":3,"href":"http:\/\/amribes.cat\/index.php\/wp-json\/wp\/v2\/pages\/354\/revisions"}],"predecessor-version":[{"id":363,"href":"http:\/\/amribes.cat\/index.php\/wp-json\/wp\/v2\/pages\/354\/revisions\/363"}],"wp:attachment":[{"href":"http:\/\/amribes.cat\/index.php\/wp-json\/wp\/v2\/media?parent=354"}],"curies":[{"name":"wp","href":"https:\/\/api.w.org\/{rel}","templated":true}]}}